{"id":1710,"date":"2021-11-21T15:14:19","date_gmt":"2021-11-21T15:14:19","guid":{"rendered":"https:\/\/oscarbyman.fi\/about\/"},"modified":"2024-05-24T12:59:44","modified_gmt":"2024-05-24T09:59:44","slug":"om","status":"publish","type":"page","link":"https:\/\/oscarbyman.fi\/fi\/om\/","title":{"rendered":"Info"},"content":{"rendered":"<div data-elementor-type=\"wp-page\" data-elementor-id=\"1710\" class=\"elementor elementor-1710\">\n\t\t\t\t<div class=\"elementor-element elementor-element-4094ee7 e-flex e-con-boxed e-con e-parent\" data-id=\"4094ee7\" data-element_type=\"container\" data-e-type=\"container\" data-settings=\"{&quot;background_background&quot;:&quot;classic&quot;}\">\n\t\t\t\t\t<div class=\"e-con-inner\">\n\t\t<div class=\"elementor-element elementor-element-8695738 e-con-full e-flex e-con e-child\" data-id=\"8695738\" data-element_type=\"container\" data-e-type=\"container\">\n\t\t\t\t<div class=\"elementor-element elementor-element-2646c9c elementor-widget elementor-widget-heading\" data-id=\"2646c9c\" data-element_type=\"widget\" data-e-type=\"widget\" data-widget_type=\"heading.default\">\n\t\t\t\t<div class=\"elementor-widget-container\">\n\t\t\t\t\t<h1 class=\"elementor-heading-title elementor-size-default\">Info<\/h1>\t\t\t\t<\/div>\n\t\t\t\t<\/div>\n\t\t\t\t<\/div>\n\t\t\t\t\t<\/div>\n\t\t\t\t<\/div>\n\t\t<div class=\"elementor-element elementor-element-e90f62c e-flex e-con-boxed e-con e-parent\" data-id=\"e90f62c\" data-element_type=\"container\" data-e-type=\"container\">\n\t\t\t\t\t<div class=\"e-con-inner\">\n\t\t<div class=\"elementor-element elementor-element-0c682a2 e-con-full e-flex e-con e-child\" data-id=\"0c682a2\" data-element_type=\"container\" data-e-type=\"container\">\n\t\t\t\t<div class=\"elementor-element elementor-element-cc91ee5 elementor-widget elementor-widget-image\" data-id=\"cc91ee5\" data-element_type=\"widget\" data-e-type=\"widget\" data-widget_type=\"image.default\">\n\t\t\t\t<div class=\"elementor-widget-container\">\n\t\t\t\t\t\t\t\t\t\t\t\t\t\t\t<img fetchpriority=\"high\" decoding=\"async\" width=\"969\" height=\"1427\" src=\"https:\/\/oscarbyman.fi\/wp-content\/uploads\/2024\/04\/Byman-Oscar-2-mini-e1713523435668.webp\" class=\"attachment-full size-full wp-image-134\" alt=\"\" srcset=\"https:\/\/oscarbyman.fi\/wp-content\/uploads\/2024\/04\/Byman-Oscar-2-mini-e1713523435668.webp 969w, https:\/\/oscarbyman.fi\/wp-content\/uploads\/2024\/04\/Byman-Oscar-2-mini-e1713523435668-204x300.webp 204w, https:\/\/oscarbyman.fi\/wp-content\/uploads\/2024\/04\/Byman-Oscar-2-mini-e1713523435668-768x1131.webp 768w, https:\/\/oscarbyman.fi\/wp-content\/uploads\/2024\/04\/Byman-Oscar-2-mini-e1713523435668-695x1024.webp 695w\" sizes=\"(max-width: 969px) 100vw, 969px\" \/>\t\t\t\t\t\t\t\t\t\t\t\t\t\t\t<\/div>\n\t\t\t\t<\/div>\n\t\t\t\t<\/div>\n\t\t<div class=\"elementor-element elementor-element-b29abee e-con-full e-flex e-con e-child\" data-id=\"b29abee\" data-element_type=\"container\" data-e-type=\"container\">\n\t\t\t\t<div class=\"elementor-element elementor-element-f095111 elementor-widget elementor-widget-heading\" data-id=\"f095111\" data-element_type=\"widget\" data-e-type=\"widget\" data-widget_type=\"heading.default\">\n\t\t\t\t<div class=\"elementor-widget-container\">\n\t\t\t\t\t<h2 class=\"elementor-heading-title elementor-size-default\">Minusta<\/h2>\t\t\t\t<\/div>\n\t\t\t\t<\/div>\n\t\t\t\t<div class=\"elementor-element elementor-element-5990b83 elementor-widget elementor-widget-text-editor\" data-id=\"5990b83\" data-element_type=\"widget\" data-e-type=\"widget\" data-widget_type=\"text-editor.default\">\n\t\t\t\t<div class=\"elementor-widget-container\">\n\t\t\t\t\t\t\t\t\t<p><span style=\"color: #000000;\"><span style=\"font-size: medium;\"><span lang=\"sv-SE\">Asetan itseni oikealle puolelle keskiviivaa poliittisella kartalla \u2013 antamatta tuumaakaan periksi liberaaleista arvoista. Meid\u00e4n on huolehdittava sek\u00e4 taloudesta, ett\u00e4 toisiamme.<\/span><\/span><\/span><\/p><p>\u00a0<\/p><p><span style=\"font-family: Times New Roman, serif;\"><span style=\"font-size: medium;\"><span style=\"color: #000000;\"><span style=\"font-family: Roboto;\"><span lang=\"sv-SE\">RKP l\u00e4htee EU-vaaleihin iskulauseella \u201dyhdess\u00e4\u201d. Parempaa sanaa ei olisi voinut valita. Yksi asia on varma - poikkeukselliset ajat vaativat enemm\u00e4n yhteenkuuluvuutta ja v\u00e4hemm\u00e4n polarisaatiota. T\u00e4m\u00e4 p\u00e4tee my\u00f6s EU:hun: Kaikkein t\u00e4rkeint\u00e4 on pit\u00e4\u00e4 EU:n yhten\u00e4isen, jotta voimme kohdata aikamme suurimmat haasteet yhten\u00e4isen\u00e4 rintamana.<\/span><\/span><\/span><\/span><\/span><\/p><p>\u00a0<\/p><p><span style=\"font-family: Times New Roman, serif;\"><span style=\"font-size: medium;\"><span style=\"color: #000000;\"><span style=\"font-family: Roboto;\"><span lang=\"sv-SE\">Toimin erityisavustajana liikunta-, urheilu- ja nuorisoministeri Sandra Bergqvistille. Aiemmin olen toiminut erityisavustajana RKP:n puheenjohtaja Anna-Maja Henrikssonille h\u00e4nen toimiessaan oikeusministerin\u00e4. Koulutukseltani olen ekonomi. Ennen erityisavustajan teht\u00e4vi\u00e4ni olen ty\u00f6skennellyt Suomen ja Ruotsin yhteiskuntasuhteiden parissa kansainv\u00e4lisess\u00e4 p\u00f6rssiyhti\u00f6ss\u00e4 sek\u00e4 toiminut entisen Varsinais-Suomalaisen kansanedustajan Stefan Wallinin avustajana eduskunnassa.<\/span><\/span><\/span><\/span><\/span><span style=\"font-family: Times New Roman, serif;\"><span style=\"font-size: medium;\"><span style=\"color: #000000;\"><span style=\"font-family: Roboto;\"><span lang=\"sv-SE\"> .<\/span><\/span><\/span><\/span><\/span><\/p><p>\u00a0<\/p><p><span style=\"font-family: Times New Roman, serif;\"><span style=\"font-size: medium;\"><span style=\"color: #000000;\"><span style=\"font-family: Roboto;\"><span lang=\"sv-SE\">Vuoden 2023 eduskuntavaaleissa sain kolmanneksi eniten \u00e4\u00e4ni\u00e4 Suomen Ruotsalaisen kansanpuolueen ehdokkaista Varsinais-Suomessa. Kunnallisvaaleissa 2021 olin ehdolla Helsingiss\u00e4 ja sain eniten \u00e4\u00e4ni\u00e4 RKP:n alle 30-vuotiaista ehdokkaista.<\/span><\/span><\/span><\/span><\/span><\/p><p><span style=\"color: #000000;\">\u00a0<\/span><\/p><p><span style=\"font-family: Times New Roman, serif;\"><span style=\"font-size: medium;\"><span style=\"color: #000000;\"><span style=\"font-family: Roboto;\"><span lang=\"sv-SE\">Olen kotoisin Kemi\u00f6nsaarelta. Olen urheillut koko el\u00e4m\u00e4ni ja urheilen viel\u00e4kin niin usein kuin ehdin. <\/span><\/span><\/span><span style=\"color: #000000;\"><span style=\"font-family: Roboto;\">Mets\u00e4stys ja ulkoilu kuuluvat urheilun ohella suurimpiin vapaa-ajan harrastuksiini.<\/span><\/span><\/span><\/span><\/p><p><span style=\"color: #000000;\">\u00a0<\/span><\/p>\t\t\t\t\t\t\t\t<\/div>\n\t\t\t\t<\/div>\n\t\t\t\t<\/div>\n\t\t\t\t\t<\/div>\n\t\t\t\t<\/div>\n\t\t\t\t<\/div>","protected":false},"excerpt":{"rendered":"<p>Om mig OM mig Jag placerar mig h\u00f6gerom mittenstrecket p\u00e5 den politiska kartan \u2013 utan att kompromissa en tum om liberala v\u00e4rderingar. Vi m\u00e5ste v\u00e4rna om b\u00e5de ekonomin och varandra. \u00a0 SFP g\u00e5r till EU-val med sloganen \u201dtillsammans\u201d. Man kunde inte ha valt ett b\u00e4ttre ord. F\u00f6r en sak \u00e4r s\u00e4ker &#8211; exceptionella tider kr\u00e4ver [&hellip;]<\/p>\n","protected":false},"author":1,"featured_media":0,"parent":0,"menu_order":0,"comment_status":"closed","ping_status":"closed","template":"","meta":{"_monsterinsights_skip_tracking":false,"_monsterinsights_sitenote_active":false,"_monsterinsights_sitenote_note":"","_monsterinsights_sitenote_category":0,"_uf_show_specific_survey":0,"_uf_disable_surveys":false,"site-sidebar-layout":"no-sidebar","site-content-layout":"page-builder","ast-site-content-layout":"full-width-container","site-content-style":"unboxed","site-sidebar-style":"unboxed","ast-global-header-display":"","ast-banner-title-visibility":"","ast-main-header-display":"","ast-hfb-above-header-display":"","ast-hfb-below-header-display":"","ast-hfb-mobile-header-display":"","site-post-title":"disabled","ast-breadcrumbs-content":"","ast-featured-img":"disabled","footer-sml-layout":"","ast-disable-related-posts":"","theme-transparent-header-meta":"enabled","adv-header-id-meta":"","stick-header-meta":"","header-above-stick-meta":"","header-main-stick-meta":"","header-below-stick-meta":"","astra-migrate-meta-layouts":"set","ast-page-background-enabled":"default","ast-page-background-meta":{"desktop":{"background-color":"var(--ast-global-color-4)","background-image":"","background-repeat":"repeat","background-position":"center center","background-size":"auto","background-attachment":"scroll","background-type":"","background-media":"","overlay-type":"","overlay-color":"","overlay-opacity":"","overlay-gradient":""},"tablet":{"background-color":"","background-image":"","background-repeat":"repeat","background-position":"center center","background-size":"auto","background-attachment":"scroll","background-type":"","background-media":"","overlay-type":"","overlay-color":"","overlay-opacity":"","overlay-gradient":""},"mobile":{"background-color":"","background-image":"","background-repeat":"repeat","background-position":"center center","background-size":"auto","background-attachment":"scroll","background-type":"","background-media":"","overlay-type":"","overlay-color":"","overlay-opacity":"","overlay-gradient":""}},"ast-content-background-meta":{"desktop":{"background-color":"var(--ast-global-color-5)","background-image":"","background-repeat":"repeat","background-position":"center center","background-size":"auto","background-attachment":"scroll","background-type":"","background-media":"","overlay-type":"","overlay-color":"","overlay-opacity":"","overlay-gradient":""},"tablet":{"background-color":"var(--ast-global-color-5)","background-image":"","background-repeat":"repeat","background-position":"center center","background-size":"auto","background-attachment":"scroll","background-type":"","background-media":"","overlay-type":"","overlay-color":"","overlay-opacity":"","overlay-gradient":""},"mobile":{"background-color":"var(--ast-global-color-5)","background-image":"","background-repeat":"repeat","background-position":"center center","background-size":"auto","background-attachment":"scroll","background-type":"","background-media":"","overlay-type":"","overlay-color":"","overlay-opacity":"","overlay-gradient":""}},"footnotes":""},"class_list":["post-1710","page","type-page","status-publish","hentry"],"aioseo_notices":[],"_links":{"self":[{"href":"https:\/\/oscarbyman.fi\/fi\/wp-json\/wp\/v2\/pages\/1710","targetHints":{"allow":["GET"]}}],"collection":[{"href":"https:\/\/oscarbyman.fi\/fi\/wp-json\/wp\/v2\/pages"}],"about":[{"href":"https:\/\/oscarbyman.fi\/fi\/wp-json\/wp\/v2\/types\/page"}],"author":[{"embeddable":true,"href":"https:\/\/oscarbyman.fi\/fi\/wp-json\/wp\/v2\/users\/1"}],"replies":[{"embeddable":true,"href":"https:\/\/oscarbyman.fi\/fi\/wp-json\/wp\/v2\/comments?post=1710"}],"version-history":[{"count":20,"href":"https:\/\/oscarbyman.fi\/fi\/wp-json\/wp\/v2\/pages\/1710\/revisions"}],"predecessor-version":[{"id":2122,"href":"https:\/\/oscarbyman.fi\/fi\/wp-json\/wp\/v2\/pages\/1710\/revisions\/2122"}],"wp:attachment":[{"href":"https:\/\/oscarbyman.fi\/fi\/wp-json\/wp\/v2\/media?parent=1710"}],"curies":[{"name":"wp","href":"https:\/\/api.w.org\/{rel}","templated":true}]}}